{"id":25,"date":"2018-04-02T08:05:43","date_gmt":"2018-04-02T08:05:43","guid":{"rendered":"https:\/\/curly.qodeinteractive.com\/elementor\/?page_id=25"},"modified":"2021-02-15T15:01:16","modified_gmt":"2021-02-15T14:01:16","slug":"qui-somme-nous","status":"publish","type":"page","link":"https:\/\/www.elennagiulia.fr\/index.php\/qui-somme-nous\/","title":{"rendered":"Qui Sommes Nous"},"content":{"rendered":"\t\t<div data-elementor-type=\"wp-page\" data-elementor-id=\"25\" class=\"elementor elementor-25\" data-elementor-settings=\"[]\">\n\t\t\t\t\t\t<div class=\"elementor-inner\">\n\t\t\t\t\t\t\t<div class=\"elementor-section-wrap\">\n\t\t\t\t\t\t\t<section class=\"elementor-section elementor-top-section elementor-element elementor-element-62dfe602 elementor-section-boxed elementor-section-height-default elementor-section-height-default mkdf-parallax-row-no mkdf-content-aligment-left mkdf-elementor-row-grid-no mkdf-disabled-bg-image-bellow-no\" data-id=\"62dfe602\" data-element_type=\"section\">\n\t\t\t\t\t\t<div class=\"elementor-container elementor-column-gap-default\">\n\t\t\t\t\t\t\t<div class=\"elementor-row\">\n\t\t\t\t\t<div class=\"elementor-column elementor-col-100 elementor-top-column elementor-element elementor-element-bb5dee4\" data-id=\"bb5dee4\" data-element_type=\"column\">\n\t\t\t<div class=\"elementor-column-wrap\">\n\t\t\t\t\t\t\t<div class=\"elementor-widget-wrap\">\n\t\t\t\t\t\t\t\t<\/div>\n\t\t\t\t\t<\/div>\n\t\t<\/div>\n\t\t\t\t\t\t\t\t<\/div>\n\t\t\t\t\t<\/div>\n\t\t<\/section>\n\t\t\t\t<section class=\"elementor-section elementor-top-section elementor-element elementor-element-cd7ae7d mkdf-elementor-row-grid-section elementor-section-boxed elementor-section-height-default elementor-section-height-default mkdf-parallax-row-no mkdf-content-aligment-left mkdf-disabled-bg-image-bellow-no\" data-id=\"cd7ae7d\" data-element_type=\"section\" data-settings=\"{&quot;background_background&quot;:&quot;classic&quot;}\">\n\t\t\t\t\t\t<div class=\"elementor-container elementor-column-gap-default\">\n\t\t\t\t\t\t\t<div class=\"elementor-row\">\n\t\t\t\t\t<div class=\"elementor-column elementor-col-100 elementor-top-column elementor-element elementor-element-0a6495a\" data-id=\"0a6495a\" data-element_type=\"column\">\n\t\t\t<div class=\"elementor-column-wrap elementor-element-populated\">\n\t\t\t\t\t\t\t<div class=\"elementor-widget-wrap\">\n\t\t\t\t\t\t<div class=\"elementor-element elementor-element-f212a06 elementor-widget elementor-widget-mkdf_section_title\" data-id=\"f212a06\" data-element_type=\"widget\" data-widget_type=\"mkdf_section_title.default\">\n\t\t\t\t<div class=\"elementor-widget-container\">\n\t\t\t<div class=\"mkdf-section-title-holder  mkdf-dark mkdf-st-standard   \" style=\"text-align: left\">\n    <div class=\"mkdf-st-inner\">\n\n                    <var class=\"mkdf-st-background-text\" style=\"font-size:225px;left: -22px;top: -40px\" id=\"mkdf-st-background-text-965\" data-font-size=\"180px\" data-horizontal-offset=\"38px\" data-vertical-offset=\"-37px\">\n            Histoire            <\/var>\n        \n                    <h2 class=\"mkdf-st-title\">\n            Notre Histoire            <\/h2>\n        \n        \n    <\/div>\n<\/div>\t\t<\/div>\n\t\t\t\t<\/div>\n\t\t\t\t<div class=\"elementor-element elementor-element-b1cdfa9 elementor-widget elementor-widget-text-editor\" data-id=\"b1cdfa9\" data-element_type=\"widget\" data-widget_type=\"text-editor.default\">\n\t\t\t\t<div class=\"elementor-widget-container\">\n\t\t\t\t\t<div class=\"elementor-text-editor elementor-clearfix\"><p>V\u00e9ritable bin\u00f4me depuis 2015, nous vous accueillons dans notre&nbsp;<a href=\"https:\/\/www.elennagiulia.fr\" target=\"_blank\" rel=\"noopener\"><b>centre dermo- esth\u00e9tique<\/b><\/a>, situ\u00e9 \u00e0 Martigues, dot\u00e9&nbsp;<b><a href=\"https:\/\/www.elennagiulia.fr\/index.php\/portfolio-item\/wellness-esthetique-1\/\" target=\"_blank\" rel=\"noopener\">d\u2019\u00e9quipements \u00e0 la pointe de la technologie et de l\u2019innovation<\/a>.<\/b> Compl\u00e9mentaires mais sp\u00e9cialis\u00e9es et form\u00e9es chacune dans notre domaine, notre volont\u00e9 est de vous apporter des&nbsp;<a href=\"https:\/\/www.elennagiulia.fr\/index.php\/portfolio-item\/soins-dermo-esthetique-1\/\" target=\"_blank\" rel=\"noopener\"><b>services dermo-esth\u00e9tiques<\/b><\/a>&nbsp;de qualit\u00e9, des conseils et de l\u2019expertise.<\/p>\n<p><b style=\"font-family: var( --e-global-typography-text-font-family ), Sans-serif;\">Notre centre dermo-esth\u00e9tique Elenna&amp;Giulia, c\u2019est&nbsp;:<\/b><\/p>\n<p class=\"MsoNormal\"><span lang=\"FR\">Le&nbsp;<a href=\"https:\/\/www.elennagiulia.fr\/index.php\/portfolio-item\/microblading-1\/\" target=\"_blank\" rel=\"noopener\"><b>microblading<\/b><\/a>, pour lifter et d\u00e9finir le regard, restructurer le sourcil et am\u00e9liorer l\u2019aspect du visage de fa\u00e7on naturelle et ultra pr\u00e9cise (technique de calligraphie imitant \u00e0 la perfection le poil naturel).<\/span><\/p>\n<p class=\"MsoNormal\"><span lang=\"FR\">Les&nbsp;<a href=\"https:\/\/www.elennagiulia.fr\/index.php\/portfolio-item\/soins-dermo-esthetique-1\/\" target=\"_blank\" rel=\"noopener\"><b>traitements du visage<\/b><\/a><b>&nbsp;<\/b>ou&nbsp;<a href=\"https:\/\/www.elennagiulia.fr\/index.php\/portfolio-item\/soins-dermo-esthetique-1\/\" target=\"_blank\" rel=\"noopener\"><b>skin care<\/b><\/a>, pour ralentir les effets du vieillissement de la peau et retrouver une seconde jeunesse, illuminer le teint ou encore corriger certaines imperfections comme l\u2019acn\u00e9 par exemple.<\/span><\/p>\n<p class=\"MsoNormal\"><span lang=\"FR\">Les&nbsp;<a href=\"https:\/\/www.elennagiulia.fr\/index.php\/portfolio-item\/wellness-esthetique-1\/\" target=\"_blank\"><b>traitements du corps<\/b><\/a>&nbsp;ou&nbsp;<a href=\"https:\/\/www.elennagiulia.fr\/index.php\/portfolio-item\/wellness-esthetique-1\/\" target=\"_blank\"><b>Bodysculpting<\/b><\/a>, pour perdre de la graisse, muscler, tonifier, sculpter ou encore affiner certaines parties du corps.<\/span><\/p>\n<p class=\"MsoNormal\"><span lang=\"FR\">Des prestations sur mesure ,pour lesquelles nous vous accompagnons et vous conseillons en toute bienveillance&nbsp;!<\/span><\/p>\n<p class=\"MsoNormal\"><span lang=\"FR\">&nbsp;<\/span><\/p>\n<p class=\"MsoNormal\"><span lang=\"FR\">Toutes les deux passionn\u00e9es par les nouvelles technologies au service de la beaut\u00e9, nous sommes constamment \u00e0 l&rsquo;aff\u00fbt de nouvelles m\u00e9thodes et machines qui soient toujours plus performantes pour obtenir de meilleurs r\u00e9sultats et donc vous satisfaire. <\/span><\/p>\n<p class=\"MsoNormal\"><span lang=\"FR\">Elenna, \u00e0 mi-chemin entre l\u2019esth\u00e9tisme et le m\u00e9dical, a une formation en cosm\u00e9tologie, en biologie de la peau ainsi qu\u2019une ma\u00eetrise en psychologie&nbsp;: elle pr\u00eate une oreille attentive \u00e0 chacun de ses clients. Son objectif&nbsp;? Cibler votre probl\u00e9matique et vous redonner le sourire en vous apportant le traitement du corps ou du visage, qui r\u00e9pond \u00e0 vos besoins et \u00e0 vos attentes. <\/span><\/p>\n<p class=\"MsoNormal\"><span lang=\"FR\">Giulia, aux doigts de f\u00e9es (<b>dixit nos clients<\/b>&nbsp;!), est sp\u00e9cialis\u00e9e dans le&nbsp;<a href=\"https:\/\/www.elennagiulia.fr\/index.php\/portfolio-item\/microblading-1\/\" target=\"_blank\"><b>microblading des Sourcils<\/b><\/a><b>&nbsp;<\/b>, dipl\u00f4m\u00e9e de la plus grande \u00e9cole&nbsp;<a href=\"https:\/\/www.elennagiulia.fr\/index.php\/portfolio-item\/formations-1\/\" target=\"_blank\"><b>Phibrows Academy<\/b><\/a>&nbsp;,vous&nbsp; offre un travail soign\u00e9 et minutieux, telle une artiste&nbsp;! C\u2019est \u00e9galement elle qui sublimera vos l\u00e8vres, reconstruira vos sourcils ou s\u2019occupera de votre pigmentation capillaire. <\/span><\/p>\n<p class=\"MsoNormal\"><span lang=\"FR\">&nbsp;<\/span><\/p>\n<p class=\"MsoNormal\"><span lang=\"FR\">Pour qui&nbsp;? Pour toute femme ou homme, qui souhaite retrouver une confiance en soi et un bien \u00eatre de fa\u00e7on rapide et sans douleurs, sans traitements invasifs ni chirurgie esth\u00e9tique mais avec des r\u00e9sultats durables et naturels.&nbsp;&nbsp;&nbsp;&nbsp; <\/span><\/p>\n<p class=\"MsoNormal\"><span lang=\"FR\">&nbsp;<\/span><\/p>\n<p class=\"MsoNormal\"><span lang=\"FR\">Comment \u00e7a marche&nbsp;? Chaque client \u00e9tant diff\u00e9rent nous r\u00e9alisons toujours en premier lieu un diagnostic pendant lequel nous sommes \u00e0 votre \u00e9coute afin d\u2019\u00e9tablir une proposition sur mesure. L\u2019objectif est de comprendre et de d\u00e9couvrir votre besoin afin d\u2019apporter la r\u00e9ponse ad\u00e9quate.<\/span><\/p>\n<p class=\"MsoNormal\"><span lang=\"FR\">A chaque probl\u00e8me sa solution&nbsp;!&nbsp; <\/span><\/p>\n<p class=\"MsoNormal\"><span lang=\"FR\">&nbsp;<\/span><\/p>\n<p class=\"MsoNormal\"><span lang=\"FR\">Beaut\u00e9 du corps, beaut\u00e9 du visage ou beaut\u00e9 du regard, nous vous invitions \u00e0 d\u00e9couvrir notre savoir-faire.&nbsp; Pr\u00eat(e) \u00e0 r\u00e9v\u00e9ler votre beaut\u00e9&nbsp;?&nbsp;<\/span><\/p><\/div>\n\t\t\t\t<\/div>\n\t\t\t\t<\/div>\n\t\t\t\t\t\t<\/div>\n\t\t\t\t\t<\/div>\n\t\t<\/div>\n\t\t\t\t\t\t\t\t<\/div>\n\t\t\t\t\t<\/div>\n\t\t<\/section>\n\t\t\t\t<section class=\"mkdf-parallax-row-holder elementor-section elementor-top-section elementor-element elementor-element-7c47392 mkdf-parallax-row-holder mkdf-elementor-row-grid-section elementor-section-boxed elementor-section-height-default elementor-section-height-default mkdf-content-aligment-left mkdf-disabled-bg-image-bellow-no\" data-parallax-bg-speed=\"1\" data-parallax-bg-image=\"https:\/\/curly.qodeinteractive.com\/elementor\/wp-content\/uploads\/2018\/04\/p_parallax-img-2.jpg\" data-parallax-bg-height=\"0\" data-id=\"7c47392\" data-element_type=\"section\" data-settings=\"{&quot;mikado_parallax_image&quot;:{&quot;url&quot;:&quot;https:\\\/\\\/curly.qodeinteractive.com\\\/elementor\\\/wp-content\\\/uploads\\\/2018\\\/04\\\/p_parallax-img-2.jpg&quot;,&quot;id&quot;:2938}}\">\n\t\t\t\t\t\t<div class=\"elementor-container elementor-column-gap-default\">\n\t\t\t\t\t\t\t<div class=\"elementor-row\">\n\t\t\t\t\t<div class=\"elementor-column elementor-col-100 elementor-top-column elementor-element elementor-element-9d1a8a7\" data-id=\"9d1a8a7\" data-element_type=\"column\">\n\t\t\t<div class=\"elementor-column-wrap elementor-element-populated\">\n\t\t\t\t\t\t\t<div class=\"elementor-widget-wrap\">\n\t\t\t\t\t\t<div class=\"elementor-element elementor-element-a2ea184 elementor-widget elementor-widget-text-editor\" data-id=\"a2ea184\" data-element_type=\"widget\" data-widget_type=\"text-editor.default\">\n\t\t\t\t<div class=\"elementor-widget-container\">\n\t\t\t\t\t<div class=\"elementor-text-editor elementor-clearfix\"><h5 style=\"text-align: center;\"><span style=\"color: #ffffff;\">Bonnes Affaires<\/span><\/h5><\/div>\n\t\t\t\t<\/div>\n\t\t\t\t<\/div>\n\t\t\t\t<div class=\"elementor-element elementor-element-f712940 elementor-widget elementor-widget-text-editor\" data-id=\"f712940\" data-element_type=\"widget\" data-widget_type=\"text-editor.default\">\n\t\t\t\t<div class=\"elementor-widget-container\">\n\t\t\t\t\t<div class=\"elementor-text-editor elementor-clearfix\"><h3 style=\"text-align: center;\"><span style=\"color: #ffffff;\">Laissez carte blanche \u00e0 ces expertes \ud83d\ude09<\/span><\/h3><\/div>\n\t\t\t\t<\/div>\n\t\t\t\t<\/div>\n\t\t\t\t<div class=\"elementor-element elementor-element-584bb7e elementor-widget-tablet__width-auto elementor-widget elementor-widget-mkdf_cf7\" data-id=\"584bb7e\" data-element_type=\"widget\" data-widget_type=\"mkdf_cf7.default\">\n\t\t\t\t<div class=\"elementor-widget-container\">\n\t\t\t    <div role=\"form\" class=\"wpcf7\" id=\"wpcf7-f288-o1\" lang=\"en-US\" dir=\"ltr\">\n<div class=\"screen-reader-response\"><p role=\"status\" aria-live=\"polite\" aria-atomic=\"true\"><\/p> <ul><\/ul><\/div>\n<form action=\"\/index.php\/wp-json\/wp\/v2\/pages\/25#wpcf7-f288-o1\" method=\"post\" class=\"wpcf7-form init cf7_custom_style_2\" novalidate=\"novalidate\" data-status=\"init\">\n<div style=\"display: none;\">\n<input type=\"hidden\" name=\"_wpcf7\" value=\"288\" \/>\n<input type=\"hidden\" name=\"_wpcf7_version\" value=\"5.3.1\" \/>\n<input type=\"hidden\" name=\"_wpcf7_locale\" value=\"en_US\" \/>\n<input type=\"hidden\" name=\"_wpcf7_unit_tag\" value=\"wpcf7-f288-o1\" \/>\n<input type=\"hidden\" name=\"_wpcf7_container_post\" value=\"0\" \/>\n<input type=\"hidden\" name=\"_wpcf7_posted_data_hash\" value=\"\" \/>\n<\/div>\n<div class=\"mkdf-grid-row mkdf-grid-no-gutter\">\n<div class=\"mkdf-grid-col-8\">\n\t<span class=\"wpcf7-form-control-wrap your-email\"><input type=\"email\" name=\"your-email\" value=\"\" size=\"40\" class=\"wpcf7-form-control wpcf7-text wpcf7-email wpcf7-validates-as-required wpcf7-validates-as-email\" aria-required=\"true\" aria-invalid=\"false\" placeholder=\"Email\" \/><\/span>\n    <\/div>\n<div class=\"mkdf-grid-col-4\">\n\t<input type=\"submit\" value=\"Sign Up\" class=\"wpcf7-form-control wpcf7-submit\" \/>\n    <\/div>\n<\/div>\n<div class=\"wpcf7-response-output\" aria-hidden=\"true\"><\/div><\/form><\/div>\t\t<\/div>\n\t\t\t\t<\/div>\n\t\t\t\t\t\t<\/div>\n\t\t\t\t\t<\/div>\n\t\t<\/div>\n\t\t\t\t\t\t\t\t<\/div>\n\t\t\t\t\t<\/div>\n\t\t<\/section>\n\t\t\t\t<section class=\"mkdf-parallax-row-holder elementor-section elementor-top-section elementor-element elementor-element-1fb5457 mkdf-parallax-row-holder elementor-section-boxed elementor-section-height-default elementor-section-height-default mkdf-content-aligment-left mkdf-elementor-row-grid-no mkdf-disabled-bg-image-bellow-no\" data-parallax-bg-speed=\"1\" data-parallax-bg-image=\"https:\/\/www.elennagiulia.fr\/wp-content\/uploads\/2020\/10\/qui-sommes-nous.jpg\" data-parallax-bg-height=\"0\" data-id=\"1fb5457\" data-element_type=\"section\" data-settings=\"{&quot;mikado_parallax_image&quot;:{&quot;url&quot;:&quot;https:\\\/\\\/www.elennagiulia.fr\\\/wp-content\\\/uploads\\\/2020\\\/10\\\/qui-sommes-nous.jpg&quot;,&quot;id&quot;:6342}}\">\n\t\t\t\t\t\t<div class=\"elementor-container elementor-column-gap-default\">\n\t\t\t\t\t\t\t<div class=\"elementor-row\">\n\t\t\t\t\t<div class=\"elementor-column elementor-col-100 elementor-top-column elementor-element elementor-element-d4984eb\" data-id=\"d4984eb\" data-element_type=\"column\">\n\t\t\t<div class=\"elementor-column-wrap elementor-element-populated\">\n\t\t\t\t\t\t\t<div class=\"elementor-widget-wrap\">\n\t\t\t\t\t\t<div class=\"elementor-element elementor-element-b1796f1 elementor-widget elementor-widget-mkdf_info_section\" data-id=\"b1796f1\" data-element_type=\"widget\" data-widget_type=\"mkdf_info_section.default\">\n\t\t\t\t<div class=\"elementor-widget-container\">\n\t\t\t<div class=\"mkdf-info-section  mkdf-dark mkdf-center\">\n\n            <var class=\"mkdf-is-background-text\" style=\"font-size:225px\" id=\"mkdf-is-background-text-533\" >\n        Histoire        <\/var>\n    \n    <div class=\"mkdf-is-inner\" style=\"padding-top:112.5px;width:80%\">\n\n        \n                    <h3 class=\"mkdf-is-title\">\n            Je prends RDV            <\/h3>\n        \n                    <p class=\"mkdf-is-text\">\n            Vous avez besoin d\u2019une formation aux diff\u00e9rentes m\u00e9thodes d\u2019extension de cils ? Elenna, agr\u00e9\u00e9e chez CilsFrance, peut vous accompagner. Pour les d\u00e9butantes ou pour celles qui souhaitent se perfectionner.            <\/p>\n        \n                    <div class=\"mkdf-is-button\" >\n                <a itemprop=\"url\" href=\"https:\/\/www.planity.com\/elenna-giulia-13500-martigues\" target=\"_blank\"  class=\"mkdf-btn mkdf-btn-medium mkdf-btn-simple\"  >    <span class=\"mkdf-btn-text\">Prendre RDV<\/span>    <\/a>            <\/div>\n        \n    <\/div>\n<\/div>\t\t<\/div>\n\t\t\t\t<\/div>\n\t\t\t\t\t\t<\/div>\n\t\t\t\t\t<\/div>\n\t\t<\/div>\n\t\t\t\t\t\t\t\t<\/div>\n\t\t\t\t\t<\/div>\n\t\t<\/section>\n\t\t\t\t\t\t<\/div>\n\t\t\t\t\t\t<\/div>\n\t\t\t\t\t<\/div>\n\t\t","protected":false},"excerpt":{"rendered":"<p>Histoire Notre Histoire V\u00e9ritable bin\u00f4me depuis 2015, nous vous accueillons dans notre&nbsp;centre dermo- esth\u00e9tique, situ\u00e9 \u00e0 Martigues, dot\u00e9&nbsp;d\u2019\u00e9quipements \u00e0 la pointe de la technologie et de l\u2019innovation. Compl\u00e9mentaires mais sp\u00e9cialis\u00e9es et form\u00e9es chacune dans notre domaine, notre volont\u00e9 est de [&hellip;]<\/p>\n","protected":false},"author":5,"featured_media":0,"parent":0,"menu_order":0,"comment_status":"closed","ping_status":"closed","template":"full-width.php","meta":[],"_links":{"self":[{"href":"https:\/\/www.elennagiulia.fr\/index.php\/wp-json\/wp\/v2\/pages\/25"}],"collection":[{"href":"https:\/\/www.elennagiulia.fr\/index.php\/wp-json\/wp\/v2\/pages"}],"about":[{"href":"https:\/\/www.elennagiulia.fr\/index.php\/wp-json\/wp\/v2\/types\/page"}],"author":[{"embeddable":true,"href":"https:\/\/www.elennagiulia.fr\/index.php\/wp-json\/wp\/v2\/users\/5"}],"replies":[{"embeddable":true,"href":"https:\/\/www.elennagiulia.fr\/index.php\/wp-json\/wp\/v2\/comments?post=25"}],"version-history":[{"count":100,"href":"https:\/\/www.elennagiulia.fr\/index.php\/wp-json\/wp\/v2\/pages\/25\/revisions"}],"predecessor-version":[{"id":6566,"href":"https:\/\/www.elennagiulia.fr\/index.php\/wp-json\/wp\/v2\/pages\/25\/revisions\/6566"}],"wp:attachment":[{"href":"https:\/\/www.elennagiulia.fr\/index.php\/wp-json\/wp\/v2\/media?parent=25"}],"curies":[{"name":"wp","href":"https:\/\/api.w.org\/{rel}","templated":true}]}}